{"id":116,"date":"2020-08-12T20:19:28","date_gmt":"2020-08-12T20:19:28","guid":{"rendered":"http:\/\/casa-michele.de\/?page_id=116"},"modified":"2020-08-18T14:07:09","modified_gmt":"2020-08-18T14:07:09","slug":"ueber-mich","status":"publish","type":"page","link":"https:\/\/casa-michele.de\/?page_id=116","title":{"rendered":"\u00dcber mich"},"content":{"rendered":"\n<div class=\"is-layout-flow wp-block-group alignwide\"><div class=\"wp-block-group__inner-container\">\n<div class=\"is-layout-flex wp-container-2 wp-block-columns\">\n<div class=\"is-layout-flow wp-block-column\"><\/div>\n<\/div>\n\n\n\n<div class=\"wp-block-image\"><figure class=\"alignleft size-large is-resized\"><img decoding=\"async\" loading=\"lazy\" src=\"http:\/\/casa-michele.de\/wp-content\/uploads\/2020\/08\/ueber_mich_kanu.png\" alt=\"\" class=\"wp-image-160\" width=\"302\" height=\"389\" srcset=\"https:\/\/casa-michele.de\/wp-content\/uploads\/2020\/08\/ueber_mich_kanu.png 544w, https:\/\/casa-michele.de\/wp-content\/uploads\/2020\/08\/ueber_mich_kanu-233x300.png 233w\" sizes=\"(max-width: 302px) 100vw, 302px\" \/><\/figure><\/div>\n\n\n\n<p>Ich erinnere mich noch genau als ich Mitte der siebziger Jahre meine erste Pizza gegessen hatte \u2013 f\u00fcr einen geb\u00fcrtigen Schwaben ein kulinarischer Quantensprung.<br>Von diesem Zeitpunkt an war ich fasziniert von der italienischen Lebensfreude, dem Essen, der Sprache und von Vino Rosso, mare, sole e amore.<br>Nach meinen Umzug im Jahr 1988 vom Schwaben L\u00e4ndle nach Bayern entstand hier schnell mein neuer Lebensmittelpunkt und Italien r\u00fcckte noch ein St\u00fcckchen n\u00e4her.<\/p>\n\n\n\n<p>Ende der neunziger Jahre bot sich mir die Gelegenheit ein Haus in Huglfing zu erwerben, das ich dann in den folgenden Jahren St\u00fcck f\u00fcr St\u00fcck in Eigenleistung nach meinem Faible umgebaut habe.<\/p>\n\n\n\n<p>Mein Ziel ist es meinen G\u00e4sten einen gro\u00dfartigen, erholsamen und zwanglosen Aufenthalt zu bieten, der ihnen noch lange in Erinnerung bleiben wird.<\/p>\n<\/div><\/div>\n","protected":false},"excerpt":{"rendered":"<p>Ich erinnere mich noch genau als ich Mitte der siebziger Jahre meine erste Pizza gegessen hatte \u2013 f\u00fcr einen geb\u00fcrtigen Schwaben ein kulinarischer Quantensprung.Von diesem Zeitpunkt an war ich fasziniert von der italienischen Lebensfreude, dem Essen, der Sprache und von Vino Rosso, mare, sole e amore.Nach meinen Umzug im Jahr 1988 vom Schwaben L\u00e4ndle nach &hellip; <\/p>\n<p class=\"link-more\"><a href=\"https:\/\/casa-michele.de\/?page_id=116\" class=\"more-link\"><span class=\"screen-reader-text\">\u201e\u00dcber mich\u201c<\/span> weiterlesen<\/a><\/p>\n","protected":false},"author":1,"featured_media":0,"parent":0,"menu_order":0,"comment_status":"closed","ping_status":"closed","template":"","meta":{"ngg_post_thumbnail":0},"_links":{"self":[{"href":"https:\/\/casa-michele.de\/index.php?rest_route=\/wp\/v2\/pages\/116"}],"collection":[{"href":"https:\/\/casa-michele.de\/index.php?rest_route=\/wp\/v2\/pages"}],"about":[{"href":"https:\/\/casa-michele.de\/index.php?rest_route=\/wp\/v2\/types\/page"}],"author":[{"embeddable":true,"href":"https:\/\/casa-michele.de\/index.php?rest_route=\/wp\/v2\/users\/1"}],"replies":[{"embeddable":true,"href":"https:\/\/casa-michele.de\/index.php?rest_route=%2Fwp%2Fv2%2Fcomments&post=116"}],"version-history":[{"count":21,"href":"https:\/\/casa-michele.de\/index.php?rest_route=\/wp\/v2\/pages\/116\/revisions"}],"predecessor-version":[{"id":178,"href":"https:\/\/casa-michele.de\/index.php?rest_route=\/wp\/v2\/pages\/116\/revisions\/178"}],"wp:attachment":[{"href":"https:\/\/casa-michele.de\/index.php?rest_route=%2Fwp%2Fv2%2Fmedia&parent=116"}],"curies":[{"name":"wp","href":"https:\/\/api.w.org\/{rel}","templated":true}]}}